{"id":101,"date":"2015-04-23T12:39:15","date_gmt":"2015-04-23T12:39:15","guid":{"rendered":"https:\/\/xml-io.proteusthemes.com\/cargopress\/?page_id=101"},"modified":"2022-03-08T19:50:18","modified_gmt":"2022-03-08T18:50:18","slug":"oferta","status":"publish","type":"page","link":"https:\/\/solidcar.pl\/?page_id=101","title":{"rendered":"Oferta"},"content":{"rendered":"<div id=\"pl-101\"  class=\"panel-layout\" ><div id=\"pg-101-0\"  class=\"panel-grid panel-no-style\" ><div id=\"pgc-101-0-0\"  class=\"panel-grid-cell\" ><div id=\"panel-101-0-0-0\" class=\"so-panel widget widget_black-studio-tinymce widget_black_studio_tinymce panel-first-child panel-last-child\" data-index=\"0\" ><div class=\"textwidget\"><h3>Zakres naszych us\u0142ug obejmuje:<\/h3>\n<font color=\"black\"><ul>\n \t<li>silniki (rozrz\u0105dy, g\u0142owice),<\/li>\n \t<li>skrzynie bieg\u00f3w,<\/li>\n \t<li>zawieszenia,<\/li>\n \t<li>uk\u0142ady kierownicze,<\/li>\n \t<li>hamulce (klocki, tarcze, szcz\u0119ki, wymiana p\u0142ynu),<\/li>\n \t<li>uk\u0142ady nap\u0119dowe (przeguby, krzy\u017caki),<\/li>\n \t<li>t\u0142umiki (wymiana, naprawa),<\/li>\n \t<li>naprawy bie\u017c\u0105ce,<\/li>\n \t<li>centralne zamki,<\/li>\n \t<li>naprawy instalacji elektrycznych,<\/li>\n \t<li>serwis i naprawa uk\u0142adu klimatyzacji<\/li>\n \t<li>diagnostyka komputerowa<\/li>\n<\/ul><\/font><\/div><\/div><\/div><div id=\"pgc-101-0-1\"  class=\"panel-grid-cell\" ><div id=\"panel-101-0-1-0\" class=\"so-panel widget widget_black-studio-tinymce widget_black_studio_tinymce panel-first-child panel-last-child\" data-index=\"1\" ><div class=\"textwidget\"><p><a href=\"https:\/\/xml-io.proteusthemes.com\/cargopress\/wp-content\/uploads\/sites\/24\/2015\/04\/28.jpg\"><img loading=\"lazy\" decoding=\"async\" class=\"alignnone  wp-image-655\" src=\"http:\/\/solidcar.pl\/wp-content\/uploads\/2018\/01\/5-300x185.jpg\" alt=\"\" width=\"456\" height=\"281\" srcset=\"https:\/\/solidcar.pl\/wp-content\/uploads\/2018\/01\/5-300x185.jpg 300w, https:\/\/solidcar.pl\/wp-content\/uploads\/2018\/01\/5.jpg 650w\" sizes=\"auto, (max-width: 456px) 100vw, 456px\" \/><\/a><\/p>\n<\/div><\/div><\/div><\/div><\/div>","protected":false},"excerpt":{"rendered":"<p>Zakres naszych us\u0142ug obejmuje: silniki (rozrz\u0105dy, g\u0142owice), skrzynie bieg\u00f3w, zawieszenia, uk\u0142ady kierownicze, hamulce (klocki, tarcze, szcz\u0119ki, wymiana p\u0142ynu), uk\u0142ady nap\u0119dowe (przeguby, krzy\u017caki), t\u0142umiki (wymiana, naprawa), naprawy bie\u017c\u0105ce, centralne zamki, naprawy instalacji elektrycznych, serwis i naprawa uk\u0142adu klimatyzacji diagnostyka komputerowa<\/p>\n","protected":false},"author":1,"featured_media":655,"parent":76,"menu_order":0,"comment_status":"closed","ping_status":"open","template":"","meta":{"_acf_changed":false,"footnotes":""},"class_list":["post-101","page","type-page","status-publish","has-post-thumbnail","hentry"],"acf":[],"_links":{"self":[{"href":"https:\/\/solidcar.pl\/index.php?rest_route=\/wp\/v2\/pages\/101","targetHints":{"allow":["GET"]}}],"collection":[{"href":"https:\/\/solidcar.pl\/index.php?rest_route=\/wp\/v2\/pages"}],"about":[{"href":"https:\/\/solidcar.pl\/index.php?rest_route=\/wp\/v2\/types\/page"}],"author":[{"embeddable":true,"href":"https:\/\/solidcar.pl\/index.php?rest_route=\/wp\/v2\/users\/1"}],"replies":[{"embeddable":true,"href":"https:\/\/solidcar.pl\/index.php?rest_route=%2Fwp%2Fv2%2Fcomments&post=101"}],"version-history":[{"count":22,"href":"https:\/\/solidcar.pl\/index.php?rest_route=\/wp\/v2\/pages\/101\/revisions"}],"predecessor-version":[{"id":656,"href":"https:\/\/solidcar.pl\/index.php?rest_route=\/wp\/v2\/pages\/101\/revisions\/656"}],"up":[{"embeddable":true,"href":"https:\/\/solidcar.pl\/index.php?rest_route=\/wp\/v2\/pages\/76"}],"wp:featuredmedia":[{"embeddable":true,"href":"https:\/\/solidcar.pl\/index.php?rest_route=\/wp\/v2\/media\/655"}],"wp:attachment":[{"href":"https:\/\/solidcar.pl\/index.php?rest_route=%2Fwp%2Fv2%2Fmedia&parent=101"}],"curies":[{"name":"wp","href":"https:\/\/api.w.org\/{rel}","templated":true}]}}