{"id":232,"date":"2015-05-07T13:27:36","date_gmt":"2015-05-07T13:27:36","guid":{"rendered":"https:\/\/xml-io.proteusthemes.com\/cargopress\/?page_id=232"},"modified":"2022-03-08T18:56:14","modified_gmt":"2022-03-08T17:56:14","slug":"o-nas","status":"publish","type":"page","link":"https:\/\/solidcar.pl\/?page_id=232","title":{"rendered":"O nas"},"content":{"rendered":"<div id=\"pl-232\"  class=\"panel-layout\" ><div id=\"pg-232-0\"  class=\"panel-grid panel-no-style\" ><div id=\"pgc-232-0-0\"  class=\"panel-grid-cell\" ><div id=\"panel-232-0-0-0\" class=\"so-panel widget widget_black-studio-tinymce widget_black_studio_tinymce panel-first-child panel-last-child\" data-index=\"0\" ><div class=\"textwidget\"><p><font color=\"black\"><\/p>\n<p style=\"text-align: left;\">Jeste\u015bmy profesjonalistami z wieloletnim do\u015bwiadczeniem w naprawie i usuwaniu usterek w r\u00f3\u017cnego rodzaju samochodach od osobowych po dostawcze. Zakres naszych prac obejmuje zar\u00f3wno mechanik\u0119 jak i elektryk\u0119 samochodow\u0105. Podejmujemy si\u0119 rozwi\u0105zywania, nietypowych i trudnych do zdiagnozowania problem\u00f3w, tym wyr\u00f3\u017cniamy si\u0119 od konkurencji. Stawiamy na ci\u0105g\u0142y rozw\u00f3j i gwarantujemy sumienne, rzetelne oraz terminowe podej\u015bcie do \u015bwiadczonych us\u0142ug.<\/p>\n<p><\/font><\/p>\n<\/div><\/div><\/div><div id=\"pgc-232-0-1\"  class=\"panel-grid-cell\" ><div id=\"panel-232-0-1-0\" class=\"so-panel widget widget_black-studio-tinymce widget_black_studio_tinymce panel-first-child panel-last-child\" data-index=\"1\" ><div class=\"textwidget\"><p><img loading=\"lazy\" decoding=\"async\" class=\"alignnone wp-image-886 \" src=\"http:\/\/solidcar.pl\/wp-content\/uploads\/2022\/03\/logo4.jpg\" alt=\"\" width=\"415\" height=\"289\" srcset=\"https:\/\/solidcar.pl\/wp-content\/uploads\/2022\/03\/logo4.jpg 2280w, https:\/\/solidcar.pl\/wp-content\/uploads\/2022\/03\/logo4-300x209.jpg 300w, https:\/\/solidcar.pl\/wp-content\/uploads\/2022\/03\/logo4-768x534.jpg 768w, https:\/\/solidcar.pl\/wp-content\/uploads\/2022\/03\/logo4-1024x712.jpg 1024w, https:\/\/solidcar.pl\/wp-content\/uploads\/2022\/03\/logo4-100x70.jpg 100w\" sizes=\"auto, (max-width: 415px) 100vw, 415px\" \/><\/p>\n<\/div><\/div><\/div><\/div><\/div>","protected":false},"excerpt":{"rendered":"<p>Jeste\u015bmy profesjonalistami z wieloletnim do\u015bwiadczeniem w naprawie i usuwaniu usterek w r\u00f3\u017cnego rodzaju samochodach od osobowych po dostawcze. Zakres naszych prac obejmuje zar\u00f3wno mechanik\u0119 jak i elektryk\u0119 samochodow\u0105. Podejmujemy si\u0119 rozwi\u0105zywania, nietypowych i trudnych do zdiagnozowania problem\u00f3w, tym wyr\u00f3\u017cniamy si\u0119 od konkurencji. Stawiamy na ci\u0105g\u0142y rozw\u00f3j i gwarantujemy sumienne, rzetelne oraz terminowe podej\u015bcie do \u015bwiadczonych &hellip;<\/p>\n","protected":false},"author":1,"featured_media":0,"parent":0,"menu_order":0,"comment_status":"closed","ping_status":"open","template":"","meta":{"_acf_changed":false,"footnotes":""},"class_list":["post-232","page","type-page","status-publish","hentry"],"acf":[],"_links":{"self":[{"href":"https:\/\/solidcar.pl\/index.php?rest_route=\/wp\/v2\/pages\/232","targetHints":{"allow":["GET"]}}],"collection":[{"href":"https:\/\/solidcar.pl\/index.php?rest_route=\/wp\/v2\/pages"}],"about":[{"href":"https:\/\/solidcar.pl\/index.php?rest_route=\/wp\/v2\/types\/page"}],"author":[{"embeddable":true,"href":"https:\/\/solidcar.pl\/index.php?rest_route=\/wp\/v2\/users\/1"}],"replies":[{"embeddable":true,"href":"https:\/\/solidcar.pl\/index.php?rest_route=%2Fwp%2Fv2%2Fcomments&post=232"}],"version-history":[{"count":20,"href":"https:\/\/solidcar.pl\/index.php?rest_route=\/wp\/v2\/pages\/232\/revisions"}],"predecessor-version":[{"id":900,"href":"https:\/\/solidcar.pl\/index.php?rest_route=\/wp\/v2\/pages\/232\/revisions\/900"}],"wp:attachment":[{"href":"https:\/\/solidcar.pl\/index.php?rest_route=%2Fwp%2Fv2%2Fmedia&parent=232"}],"curies":[{"name":"wp","href":"https:\/\/api.w.org\/{rel}","templated":true}]}}