{"id":8,"date":"2015-04-14T10:13:09","date_gmt":"2015-04-14T10:13:09","guid":{"rendered":"https:\/\/xml-io.proteusthemes.com\/cargopress\/?page_id=6"},"modified":"2023-09-19T21:13:19","modified_gmt":"2023-09-19T19:13:19","slug":"home","status":"publish","type":"page","link":"https:\/\/solidcar.pl\/","title":{"rendered":"Strona g\u0142\u00f3wna"},"content":{"rendered":"<div id=\"pl-8\"  class=\"panel-layout\" ><div id=\"pg-8-0\"  class=\"panel-grid panel-no-style\" ><div id=\"pgc-8-0-0\"  class=\"panel-grid-cell\" ><div id=\"panel-8-0-0-0\" class=\"so-panel widget widget_black-studio-tinymce widget_black_studio_tinymce panel-first-child panel-last-child\" data-index=\"0\" ><div class=\"featured-widget panel-widget-style panel-widget-style-for-8-0-0-0\" ><h3 class=\"widget-title\"><span class=\"widget-title__inline\">KIM JESTE\u015aMY<\/span><\/h3><div class=\"textwidget\"><p><img loading=\"lazy\" decoding=\"async\" class=\"alignnone size-medium wp-image-649\" src=\"http:\/\/solidcar.pl\/wp-content\/uploads\/2018\/01\/2-300x166.jpg\" alt=\"\" width=\"300\" height=\"166\" srcset=\"https:\/\/solidcar.pl\/wp-content\/uploads\/2018\/01\/2-300x166.jpg 300w, https:\/\/solidcar.pl\/wp-content\/uploads\/2018\/01\/2-768x426.jpg 768w, https:\/\/solidcar.pl\/wp-content\/uploads\/2018\/01\/2.jpg 910w\" sizes=\"auto, (max-width: 300px) 100vw, 300px\" \/><\/p>\n<p><font color=\"black\">Jeste\u015bmy profesjonalistami z wieloletnim do\u015bwiadczeniem w naprawie i usuwaniu usterek w r\u00f3\u017cnego rodzaju samochodach od osobowych po dostawcze. Podejmujemy si\u0119 rozwi\u0105zywania, nietypowych i trudnych do zdiagnozowania problem\u00f3w...<\/font><br \/>\n<a class=\"read-more\" href=\"http:\/\/solidcar.pl\/index.php\/about-us\/\">WI\u0118CEJ O NAS<\/a><\/p>\n<\/div><\/div><\/div><\/div><div id=\"pgc-8-0-1\"  class=\"panel-grid-cell\" ><div id=\"panel-8-0-1-0\" class=\"so-panel widget widget_black-studio-tinymce widget_black_studio_tinymce panel-first-child panel-last-child\" data-index=\"1\" ><div class=\"featured-widget panel-widget-style panel-widget-style-for-8-0-1-0\" ><h3 class=\"widget-title\"><span class=\"widget-title__inline\">OFERTA<\/span><\/h3><div class=\"textwidget\"><p><img loading=\"lazy\" decoding=\"async\" class=\"alignnone size-medium wp-image-650\" src=\"http:\/\/solidcar.pl\/wp-content\/uploads\/2018\/01\/3-300x199.jpg\" alt=\"\" width=\"300\" height=\"199\" srcset=\"https:\/\/solidcar.pl\/wp-content\/uploads\/2018\/01\/3-300x199.jpg 300w, https:\/\/solidcar.pl\/wp-content\/uploads\/2018\/01\/3-360x240.jpg 360w, https:\/\/solidcar.pl\/wp-content\/uploads\/2018\/01\/3.jpg 640w\" sizes=\"auto, (max-width: 300px) 100vw, 300px\" \/><\/p>\n<div class=\"textwidget\">\n<p><font color=\"black\">Zajmujemy si\u0119 napraw\u0105:\u00a0 silnik\u00f3w, skrzyni bieg\u00f3w, zawieszenia, uk\u0142ad\u00f3w kierowniczych, hamulc\u00f3w (klocki, tarcze, szcz\u0119ki, wymiana p\u0142ynu), uk\u0142ad\u00f3q nap\u0119dowych, a tak\u017ce...<\/font><\/p>\n<\/div>\n<p><a class=\"read-more\" href=\"http:\/\/solidcar.pl\/index.php\/services\/ground-transport\/\">WI\u0118CEJ O US\u0141UGACH<\/a><\/p>\n<\/div><\/div><\/div><\/div><\/div><div id=\"pg-8-1\"  class=\"panel-grid panel-no-style\" ><div id=\"pgc-8-1-0\"  class=\"panel-grid-cell\" ><div id=\"panel-8-1-0-0\" class=\"so-panel widget widget_black-studio-tinymce widget_black_studio_tinymce panel-first-child panel-last-child\" data-index=\"2\" ><div class=\"widget-title--big panel-widget-style panel-widget-style-for-8-1-0-0\" ><h3 class=\"widget-title\"><span class=\"widget-title__inline\">NASZE US\u0141UGI<\/span><\/h3><div class=\"textwidget\"><\/div><\/div><\/div><\/div><\/div><div id=\"pg-8-2\"  class=\"panel-grid panel-no-style\" ><div id=\"pgc-8-2-0\"  class=\"panel-grid-cell\" ><div id=\"panel-8-2-0-0\" class=\"so-panel widget widget_pw_icon_box widget-icon-box panel-first-child panel-last-child\" data-index=\"3\" >\n\n\t\t<a class=\"icon-box\" href=\"#\" target=\"_self\">\n\n\t\t<i class=\"fa  fa-cogs\"><\/i>\n\t\t<h4 class=\"icon-box__title\">MECHANIKA<\/h4>\n\t\t<span class=\"icon-box__subtitle\"><font color=\"grey\">Naprawa silnik\u00f3w, skrzyni bieg\u00f3w, zawiesze\u0144, uk\u0142ad\u00f3w kierowniczych, hamulcy...<\/font><\/span>\n\n\t\t<\/a>\n\n<\/div><\/div><div id=\"pgc-8-2-1\"  class=\"panel-grid-cell\" ><div id=\"panel-8-2-1-0\" class=\"so-panel widget widget_pw_icon_box widget-icon-box panel-first-child panel-last-child\" data-index=\"4\" >\n\n\t\t<a class=\"icon-box\" href=\"#\" target=\"_self\">\n\n\t\t<i class=\"fa  fa-fire\"><\/i>\n\t\t<h4 class=\"icon-box__title\">KLIMATYZACJA<\/h4>\n\t\t<span class=\"icon-box__subtitle\"><font color=\"grey\">Nape\u0142nianie klimatyzacji czynnikiem R134a, sprawdzanie szczelno\u015bci hydrogenem, jest to mieszanka azotu oraz wodoru co znacznie poprawia wykrycie nieszczelno\u015bci...<\/font><\/span>\n\n\t\t<\/a>\n\n<\/div><\/div><div id=\"pgc-8-2-2\"  class=\"panel-grid-cell\" ><div id=\"panel-8-2-2-0\" class=\"so-panel widget widget_pw_icon_box widget-icon-box panel-first-child panel-last-child\" data-index=\"5\" >\n\n\t\t<div class=\"icon-box\">\n\n\t\t<i class=\"fa  fa-wrench\"><\/i>\n\t\t<h4 class=\"icon-box__title\">PRZEGL\u0104DY <\/h4>\n\t\t<span class=\"icon-box__subtitle\"><font color=\"grey\">Przegl\u0105dy techniczne samochod\u00f3w. Diagnostyka komputerowa...<\/font><\/span>\n\n\t\t<\/div>\n\n<\/div><\/div><\/div><div id=\"pg-8-3\"  class=\"panel-grid panel-no-style\" ><div id=\"pgc-8-3-0\"  class=\"panel-grid-cell\" ><div id=\"panel-8-3-0-0\" class=\"so-panel widget widget_black-studio-tinymce widget_black_studio_tinymce panel-first-child panel-last-child\" data-index=\"6\" ><div class=\"widget-title--big panel-widget-style panel-widget-style-for-8-3-0-0\" ><h3 class=\"widget-title\"><span class=\"widget-title__inline\">O NAS<\/span><\/h3><div class=\"textwidget\"><p><span style=\"color: black;\">G\u0142\u00f3wn\u0105 zasad\u0105 kt\u00f3r\u0105 si\u0119 kierujemy to by Tw\u00f3j samoch\u00f3d wyjecha\u0142 z naszego warsztatu solidnie i rzetelnie naprawiony wi\u0119c zanim przyst\u0105pimy do zlecenia sprawdzamy dzia\u0142anie najwa\u017cniejszych uk\u0142ad\u00f3w w twoim aucie (zawieszenie,uk\u0142ad kierowniczy,uk\u0142ad hamulcowy,uk\u0142ad paliwowy,uk\u0142ad wydechowy,o\u015bwietlenie itp.) i gdy stwierdzimy odchy\u0142ki od normy sporz\u0105dzamy list\u0119 napraw kt\u00f3r\u0105 wyceniamy.\u00a0 <\/span><\/p><p><span style=\"color: black;\">Je\u017celi jest mo\u017cliwo\u015b\u0107 to r\u00f3wnie\u017c wykonujemy dokumentacj\u0119 fotograficzn\u0105. Nast\u0119pny krok to poinformowanie Ciebie o tym fakcie sugeruj\u0105c co trzeba zrobi\u0107 w pierwszej kolejno\u015bci a z czym mo\u017cna jeszcze poczeka\u0107. <\/span><\/p><p><span style=\"color: black;\">Ty decydujesz o tym co b\u0119dzie robione i o ka\u017cdym nie planowanym koszcie jeste\u015b informowany wcze\u015bniej by nie by\u0142o sytuacji w kt\u00f3rej jeste\u015b postawiony przed faktem dokonanym.<\/span><\/p><p><a href=\"http:\/\/solidcar.pl\/index.php\/o-nas\/\">Wi\u0119cej<\/a><\/p><\/div><\/div><\/div><\/div><div id=\"pgc-8-3-1\"  class=\"panel-grid-cell\" ><div id=\"panel-8-3-1-0\" class=\"so-panel widget widget_black-studio-tinymce widget_black_studio_tinymce panel-first-child panel-last-child\" data-index=\"7\" ><div class=\"featured-widget panel-widget-style panel-widget-style-for-8-3-1-0\" ><h3 class=\"widget-title\"><span class=\"widget-title__inline\">WY\u015aLIJ ZAPYTANIE<\/span><\/h3><div class=\"textwidget\"><p class=\"wpcf7-contact-form-not-found\"><strong>B\u0142\u0105d:<\/strong> Brak formularza kontaktowego.<\/p><\/div><\/div><\/div><\/div><\/div><div id=\"pg-8-4\"  class=\"panel-grid panel-no-style\" ><div id=\"pgc-8-4-0\"  class=\"panel-grid-cell\" ><div id=\"panel-8-4-0-0\" class=\"so-panel widget widget_black-studio-tinymce widget_black_studio_tinymce panel-first-child panel-last-child\" data-index=\"8\" ><div class=\"widget-title--big panel-widget-style panel-widget-style-for-8-4-0-0\" ><h3 class=\"widget-title\"><span class=\"widget-title__inline\">GALERIA NIE-ZWYCZAJNYCH AWARII <\/span><\/h3><div class=\"textwidget\"><p><div id='gallery-1' class='gallery galleryid-8 gallery-columns-3 gallery-size-large'><figure class='gallery-item'>\n\t\t\t<div class='gallery-icon landscape'>\n\t\t\t\t<a href='https:\/\/solidcar.pl\/wp-content\/uploads\/2018\/01\/IMAG1442_BURST002.jpg'><img loading=\"lazy\" decoding=\"async\" width=\"1024\" height=\"574\" src=\"https:\/\/solidcar.pl\/wp-content\/uploads\/2018\/01\/IMAG1442_BURST002-1024x574.jpg\" class=\"attachment-large size-large\" alt=\"\" srcset=\"https:\/\/solidcar.pl\/wp-content\/uploads\/2018\/01\/IMAG1442_BURST002-1024x574.jpg 1024w, https:\/\/solidcar.pl\/wp-content\/uploads\/2018\/01\/IMAG1442_BURST002-300x168.jpg 300w, https:\/\/solidcar.pl\/wp-content\/uploads\/2018\/01\/IMAG1442_BURST002-768x431.jpg 768w\" sizes=\"auto, (max-width: 1024px) 100vw, 1024px\" \/><\/a>\n\t\t\t<\/div><\/figure><figure class='gallery-item'>\n\t\t\t<div class='gallery-icon landscape'>\n\t\t\t\t<a href='https:\/\/solidcar.pl\/wp-content\/uploads\/2018\/01\/IMAG1433.jpg'><img loading=\"lazy\" decoding=\"async\" width=\"1024\" height=\"574\" src=\"https:\/\/solidcar.pl\/wp-content\/uploads\/2018\/01\/IMAG1433-1024x574.jpg\" class=\"attachment-large size-large\" alt=\"\" srcset=\"https:\/\/solidcar.pl\/wp-content\/uploads\/2018\/01\/IMAG1433-1024x574.jpg 1024w, https:\/\/solidcar.pl\/wp-content\/uploads\/2018\/01\/IMAG1433-300x168.jpg 300w, https:\/\/solidcar.pl\/wp-content\/uploads\/2018\/01\/IMAG1433-768x431.jpg 768w\" sizes=\"auto, (max-width: 1024px) 100vw, 1024px\" \/><\/a>\n\t\t\t<\/div><\/figure><figure class='gallery-item'>\n\t\t\t<div class='gallery-icon landscape'>\n\t\t\t\t<a href='https:\/\/solidcar.pl\/wp-content\/uploads\/2018\/01\/IMAG1354.jpg'><img loading=\"lazy\" decoding=\"async\" width=\"1024\" height=\"574\" src=\"https:\/\/solidcar.pl\/wp-content\/uploads\/2018\/01\/IMAG1354-1024x574.jpg\" class=\"attachment-large size-large\" alt=\"\" srcset=\"https:\/\/solidcar.pl\/wp-content\/uploads\/2018\/01\/IMAG1354-1024x574.jpg 1024w, https:\/\/solidcar.pl\/wp-content\/uploads\/2018\/01\/IMAG1354-300x168.jpg 300w, https:\/\/solidcar.pl\/wp-content\/uploads\/2018\/01\/IMAG1354-768x431.jpg 768w\" sizes=\"auto, (max-width: 1024px) 100vw, 1024px\" \/><\/a>\n\t\t\t<\/div><\/figure><figure class='gallery-item'>\n\t\t\t<div class='gallery-icon landscape'>\n\t\t\t\t<a href='https:\/\/solidcar.pl\/wp-content\/uploads\/2018\/01\/IMAG1245.jpg'><img loading=\"lazy\" decoding=\"async\" width=\"1024\" height=\"574\" src=\"https:\/\/solidcar.pl\/wp-content\/uploads\/2018\/01\/IMAG1245-1024x574.jpg\" class=\"attachment-large size-large\" alt=\"\" srcset=\"https:\/\/solidcar.pl\/wp-content\/uploads\/2018\/01\/IMAG1245-1024x574.jpg 1024w, https:\/\/solidcar.pl\/wp-content\/uploads\/2018\/01\/IMAG1245-300x168.jpg 300w, https:\/\/solidcar.pl\/wp-content\/uploads\/2018\/01\/IMAG1245-768x431.jpg 768w\" sizes=\"auto, (max-width: 1024px) 100vw, 1024px\" \/><\/a>\n\t\t\t<\/div><\/figure><figure class='gallery-item'>\n\t\t\t<div class='gallery-icon landscape'>\n\t\t\t\t<a href='https:\/\/solidcar.pl\/wp-content\/uploads\/2018\/01\/IMAG1380-1.jpg'><img loading=\"lazy\" decoding=\"async\" width=\"1024\" height=\"574\" src=\"https:\/\/solidcar.pl\/wp-content\/uploads\/2018\/01\/IMAG1380-1-1024x574.jpg\" class=\"attachment-large size-large\" alt=\"\" srcset=\"https:\/\/solidcar.pl\/wp-content\/uploads\/2018\/01\/IMAG1380-1-1024x574.jpg 1024w, https:\/\/solidcar.pl\/wp-content\/uploads\/2018\/01\/IMAG1380-1-300x168.jpg 300w, https:\/\/solidcar.pl\/wp-content\/uploads\/2018\/01\/IMAG1380-1-768x431.jpg 768w\" sizes=\"auto, (max-width: 1024px) 100vw, 1024px\" \/><\/a>\n\t\t\t<\/div><\/figure><figure class='gallery-item'>\n\t\t\t<div class='gallery-icon landscape'>\n\t\t\t\t<a href='https:\/\/solidcar.pl\/wp-content\/uploads\/2018\/01\/IMAG1210.jpg'><img loading=\"lazy\" decoding=\"async\" width=\"1024\" height=\"574\" src=\"https:\/\/solidcar.pl\/wp-content\/uploads\/2018\/01\/IMAG1210-1024x574.jpg\" class=\"attachment-large size-large\" alt=\"\" srcset=\"https:\/\/solidcar.pl\/wp-content\/uploads\/2018\/01\/IMAG1210-1024x574.jpg 1024w, https:\/\/solidcar.pl\/wp-content\/uploads\/2018\/01\/IMAG1210-300x168.jpg 300w, https:\/\/solidcar.pl\/wp-content\/uploads\/2018\/01\/IMAG1210-768x431.jpg 768w\" sizes=\"auto, (max-width: 1024px) 100vw, 1024px\" \/><\/a>\n\t\t\t<\/div><\/figure>\n\t\t<\/div>\n<\/p><\/div><\/div><\/div><\/div><\/div><div id=\"pg-8-5\"  class=\"panel-grid panel-has-style\" ><div class=\"siteorigin-panels-stretch panel-row-style panel-row-style-for-8-5\" data-stretch-type=\"full-stretched\" ><div id=\"pgc-8-5-0\"  class=\"panel-grid-cell panel-grid-cell-empty\" ><\/div><\/div><\/div><div id=\"pg-8-6\"  class=\"panel-grid panel-no-style\" ><div id=\"pgc-8-6-0\"  class=\"panel-grid-cell\" ><div id=\"panel-8-6-0-0\" class=\"so-panel widget widget_text panel-first-child panel-last-child\" data-index=\"9\" ><div class=\"widget-title--big panel-widget-style panel-widget-style-for-8-6-0-0\" ><h3 class=\"widget-title\"><span class=\"widget-title__inline\">NASI PARTNERZY<\/span><\/h3>\t\t\t<div class=\"textwidget\"><div class=\"logo-panel\">\n  <div class=\"row\">\n    <div class=\"col-xs-12  col-sm-2\">\n      <img decoding=\"async\" src=\"http:\/\/solidcar.pl\/wp-content\/uploads\/2018\/01\/Contitech.jpg\" alt=\"Client\">\n    <\/div>\n    <div class=\"col-xs-12  col-sm-2\">\n      <img decoding=\"async\" src=\"http:\/\/solidcar.pl\/wp-content\/uploads\/2018\/01\/pobrane.png\" alt=\"Client\">\n    <\/div>\n    <div class=\"col-xs-12  col-sm-2\">\n      <img decoding=\"async\" src=\"http:\/\/solidcar.pl\/wp-content\/uploads\/2018\/01\/M1644-01.jpg\" alt=\"Client\">\n    <\/div>\n    <div class=\"col-xs-12  col-sm-2\">\n      <img decoding=\"async\" src=\"http:\/\/solidcar.pl\/wp-content\/uploads\/2018\/01\/TRW-Aftermarket-Logo.png\" alt=\"Client\">\n    <\/div>\n    <div class=\"col-xs-12  col-sm-2\">\n      <img decoding=\"async\" src=\"http:\/\/solidcar.pl\/wp-content\/uploads\/2018\/01\/lemforder.png\" alt=\"Client\">\n    <\/div>\n    <div class=\"col-xs-12  col-sm-2\">\n      <img decoding=\"async\" src=\"http:\/\/solidcar.pl\/wp-content\/uploads\/2018\/01\/ate.jpg\" alt=\"Client\">\n    <\/div>\n  <\/div>\n<\/div><\/div>\n\t\t<\/div><\/div><\/div><\/div><div id=\"pg-8-7\"  class=\"panel-grid panel-has-style\" ><div class=\"siteorigin-panels-stretch panel-row-style panel-row-style-for-8-7\" data-stretch-type=\"full\" ><div id=\"pgc-8-7-0\"  class=\"panel-grid-cell\" ><div id=\"panel-8-7-0-0\" class=\"so-panel widget widget_pw_number-counter widget-number-counter panel-first-child panel-last-child\" data-index=\"10\" >\n\n\t<div class=\"widget-number-counters\" data-speed=\"1000\">\n\t\t<div class=\"number-counter\">\n\t\t\t<i class=\"number-counter__icon  fa  fa-cog\"><\/i>\n\t\t\t<div class=\"number-counter__number  js-number\" data-to=\"4623\">0000<\/div>\n\t\t\t<div class=\"number-counter__title\">Wymienionych cz\u0119\u015bci<\/div>\n\t\t<\/div>\n\t\t<div class=\"number-counter\">\n\t\t\t<i class=\"number-counter__icon  fa  fa-users\"><\/i>\n\t\t\t<div class=\"number-counter__number  js-number\" data-to=\"2325\">0000<\/div>\n\t\t\t<div class=\"number-counter__title\">Zadowolonych klient\u00f3w<\/div>\n\t\t<\/div>\n\t\t<div class=\"number-counter\">\n\t\t\t<i class=\"number-counter__icon  fa  fa-globe\"><\/i>\n\t\t\t<div class=\"number-counter__number  js-number\" data-to=\"3423\">0000<\/div>\n\t\t\t<div class=\"number-counter__title\">Naprawionych pojazd\u00f3w<\/div>\n\t\t<\/div>\n\t\t<div class=\"number-counter\">\n\t\t\t<i class=\"number-counter__icon  fa  fa-clock-o\"><\/i>\n\t\t\t<div class=\"number-counter__number  js-number\" data-to=\"21\">00<\/div>\n\t\t\t<div class=\"number-counter__title\">Lat do\u015bwiadczenia<\/div>\n\t\t<\/div>\n\t<\/div>\n\n<\/div><\/div><\/div><\/div><\/div>","protected":false},"excerpt":{"rendered":"<p>Jeste\u015bmy profesjonalistami z wieloletnim do\u015bwiadczeniem w naprawie i usuwaniu usterek w r\u00f3\u017cnego rodzaju samochodach od osobowych po dostawcze. Podejmujemy si\u0119 rozwi\u0105zywania, nietypowych i trudnych do zdiagnozowania problem\u00f3w&#8230; WI\u0118CEJ O NAS Zajmujemy si\u0119 napraw\u0105:\u00a0 silnik\u00f3w, skrzyni bieg\u00f3w, zawieszenia, uk\u0142ad\u00f3w kierowniczych, hamulc\u00f3w (klocki, tarcze, szcz\u0119ki, wymiana p\u0142ynu), uk\u0142ad\u00f3q nap\u0119dowych, a tak\u017ce&#8230; WI\u0118CEJ O US\u0141UGACH<\/p>\n","protected":false},"author":1,"featured_media":0,"parent":0,"menu_order":0,"comment_status":"closed","ping_status":"open","template":"template-front-page-slider.php","meta":{"_acf_changed":false,"footnotes":""},"class_list":["post-8","page","type-page","status-publish","hentry"],"acf":[],"_links":{"self":[{"href":"https:\/\/solidcar.pl\/index.php?rest_route=\/wp\/v2\/pages\/8","targetHints":{"allow":["GET"]}}],"collection":[{"href":"https:\/\/solidcar.pl\/index.php?rest_route=\/wp\/v2\/pages"}],"about":[{"href":"https:\/\/solidcar.pl\/index.php?rest_route=\/wp\/v2\/types\/page"}],"author":[{"embeddable":true,"href":"https:\/\/solidcar.pl\/index.php?rest_route=\/wp\/v2\/users\/1"}],"replies":[{"embeddable":true,"href":"https:\/\/solidcar.pl\/index.php?rest_route=%2Fwp%2Fv2%2Fcomments&post=8"}],"version-history":[{"count":95,"href":"https:\/\/solidcar.pl\/index.php?rest_route=\/wp\/v2\/pages\/8\/revisions"}],"predecessor-version":[{"id":944,"href":"https:\/\/solidcar.pl\/index.php?rest_route=\/wp\/v2\/pages\/8\/revisions\/944"}],"wp:attachment":[{"href":"https:\/\/solidcar.pl\/index.php?rest_route=%2Fwp%2Fv2%2Fmedia&parent=8"}],"curies":[{"name":"wp","href":"https:\/\/api.w.org\/{rel}","templated":true}]}}