{"id":95,"date":"2015-04-23T12:32:53","date_gmt":"2015-04-23T12:32:53","guid":{"rendered":"https:\/\/xml-io.proteusthemes.com\/cargopress\/?page_id=95"},"modified":"2018-01-30T11:33:48","modified_gmt":"2018-01-30T10:33:48","slug":"diagnostyka","status":"publish","type":"page","link":"https:\/\/solidcar.pl\/?page_id=95","title":{"rendered":"Diagnostyka"},"content":{"rendered":"<div id=\"pl-95\"  class=\"panel-layout\" ><div id=\"pg-95-0\"  class=\"panel-grid panel-no-style\" ><div id=\"pgc-95-0-0\"  class=\"panel-grid-cell\" ><div id=\"panel-95-0-0-0\" class=\"so-panel widget widget_black-studio-tinymce widget_black_studio_tinymce panel-first-child panel-last-child\" data-index=\"0\" ><div class=\"textwidget\"><h3>Wykonujemy diagnostyk\u0119 komputerowa samochod\u00f3w osobowych i dostawczych.<\/h3>\n<p><font color=\"black\"><\/p>\n<h4>Poni\u017cej przyk\u0142adowa lista czynno\u015bci kt\u00f3re wykonujemy:<\/h4>\n<ul>\n<li>kasowanie inspekcji serwisowej<\/li>\n<li>aktywacja Tempomatu<\/li>\n<li>dezaktywacja Airbagu pasa\u017cera<\/li>\n<li>zaciski elektrycznego hamulca postojowego<\/li>\n<li>awaryjna Regeneracja filtra DPF (1.4,1.9,2.0,2.5 TDI PD)<\/li>\n<li>awaryjna Regeneracja filtra DPF (3.0 TDI)<\/li>\n<li>kalibracja przepustnicy w silnikach Otto z Drive-By-Wire<\/li>\n<li>kodowanie wtryskiwaczy w silnikach 3.0 TDI Common Rail<\/li>\n<li>zmiana jednostek miar zestawu wska\u017anik\u00f3w<\/li>\n<li>zmiana j\u0119zyka zestawu wska\u017anik\u00f3w<\/li>\n<li>aktywacja zestawu bluetooth Audi Q7\/A6 model 4F<\/li>\n<li>ustawianie podstawowe reflektor\u00f3w Xenonowych<\/li>\n<li>kalibracja czujnika skr\u0119tu - G85<\/li>\n<li>kasowanie \/ douczanie pilot\u00f3w zdalnego sterowania<\/li>\n<li>w\u0142\u0105czanie \/ wy\u0142\u0105czanie trybu skandynawskiego (\u015bwiat\u0142a mijania w\u0142\u0105czone ca\u0142y czas)<\/li>\n<li>uruchomienie testowe Webasto (PQ35 - Caddy\/Touran\/Golf\/Tiguan\/Passat)<\/li>\n<li>nape\u0142nianie uk\u0142adu hydrauliki ABS (MK60\/70 - Golf V \/ Passat \/ Altea \/ Leon)<\/li>\n<li>uruchomienie wst\u0119pnej pompy paliwowej (np.w celu odpowietrzenia)<\/li>\n<li>w\u0142\u0105czanie \/ wy\u0142\u0105czanie automatycznego blokowania drzwi<\/li>\n<li>kodowanie reflektor\u00f3w ksenonowych z przys\u0142ona i bez<\/li>\n<li>w\u0142\u0105czanie \/ wy\u0142\u0105czanie kontrolki zapi\u0119cia pas\u00f3w<\/li>\n<li>rekalibracja czujnika G450 DPF (wymiana czujnika, filtra)<\/li>\n<li>w\u0142\u0105czenie \/ wy\u0142\u0105czenie \"Testu Dzia\u0142ania Systemu\" w systemach ABS\/ESP<\/li>\n<li>kodowanie czujnik\u00f3w ci\u015bnienia w oponach Passat B6\/ Passat CC\/ Jetta<\/li>\n<li>wkodowywanie wariantu akumulatora do sterownika Zarz\u0105dzania Energi\u0105<\/li>\n<li>kodowanie klucza w systemach Wegfahrsperre IV (PQ35 \/ 46)<\/li>\n<li>odblokowanie sterownika Webasto<\/li>\n<li>dezaktywacja funkcji APS sterownika wycieraczek<\/li>\n<li>kalibracja czujnika przyspieszenia poprzecznego G200 w ESP<\/li>\n<li>kalibracja czujnika ci\u015bnienia G201 w ESP<\/li>\n<li>regulacja czu\u0142o\u015bci mikrofonu w zestawach telefonu Nokia<\/li>\n<li>kalibracja czujnika przyspieszenia wzd\u0142u\u017cnego G251 w ESP<\/li>\n<li>wkodowanie grubo\u015bci klock\u00f3w hamulcowych ty\u0142 w Audi A8<\/li>\n<li>aktywacja automatycznego komfortowego zdalnego podnoszenia szyb<\/li>\n<li>aktywacja opuszczania lusterka przy je\u017adzie wstecz<\/li>\n<li>aktywacja funkcji Coming-Home \/ Leaving home i ustawianie jej czasu<\/li>\n<li>dopasowanie ECU silnika 2.0\/2.7\/3.0 TDi \/ VW Crafter po wymianie filtra DPF<\/li>\n<li>stan filtra DPF w silnika 2.0TDi \/ 2.7-3.0TDi<\/li>\n<li>aktywacja graficznego pomocnika parkowania Audi A6\/Q7<\/li>\n<li>kodowanie ESP na ruch lewo\/prawostronny<\/li>\n<li>kontrola wtryskiwaczy 3.0\/2.7 TDI<\/li>\n<li>odblokowanie przycisku Eject w nawigacji MMI<\/li>\n<li>kodowanie listy urz\u0105dze\u0144 MMI<\/li>\n<li>dezaktywacja\/aktywacja zamontowanej kontroli ci\u015bnienia opon Audi A6 model 4F<\/li>\n<li>kontrola pompowtryskiwaczy 1.9\/2.0 TDI<\/li>\n<li>przekodowanie sterownika ABS\/ESP na wariant europejski \/ USA<\/li>\n<li>dopasowanie komputera silnika do immobilisera w systemach IMMO3<\/li>\n<li>awaryjna regeneracja Filtra DPF w VW Crafter, silniki CExx, BJx<\/li>\n<li>kalibracja czujnik\u00f3w ESP G200,G202,G251 w autach od roku modelowego 2008<\/li>\n<li>adaptacja sterownika turbospr\u0119\u017carki w silnikach 2.7\/3.0TDi<\/li>\n<li>ustawianie inspekcji serwisowej<\/li>\n<li>pomiar przyspieszenia<\/li>\n<li>zmiana wariantu sterowania drzwi na ruch prawo\/lewostronny<\/li>\n<li>dopasowanie sterownika ESP do skrzyni DSG w Audi A3 8P MJ2006<\/li>\n<li>aktywacja\/deaktywacja menu serwisowego MMI<\/li>\n<li>nastawy podstawowe klap kolektora ss\u0105cego silnika 3.0\/2.7 TDi<\/li>\n<li>odczyt przebiegu ze sterownika EDC15<\/li>\n<li>test sprawno\u015bci przep\u0142ywomierza G70 w silnika TDI<\/li>\n<li>regeneracja filtra DPF w silnikach BLE - Touareg 5.0 TDI<\/li>\n<li>regulacja jasno\u015bci \u015bwiecenia \u015bwiate\u0142 dziennych LED Audi A6<\/li>\n<li>regulacja obrot\u00f3w biegu ja\u0142owego TDI\/Benzyna<\/li>\n<li>odblokowanie TV w systemach MMI w czasie jazdy<\/li>\n<li>\u0142adowanie kontenera danych<\/li>\n<li>test funkcjonowania elektrycznego hamulca r\u0119cznego<\/li>\n<li>aktywacja menu serwisowego w nawigacji RNS510<\/li>\n<li>aktywacja \u015bwiate\u0142 dziennych w \u015bwiat\u0142ach przeciwmg\u0142owych w systemach BCM (Golf VI itd)<\/li>\n<li>przekodowanie licznika Audi A6\/Q7 od roku modelowego 2009 z jednostek US na europejskie<\/li>\n<li>przekodowanie analogowego tunera TV z wariantu USA na EU<\/li>\n<li>chiptuning test<\/li>\n<li>odczyt pinu imobilisera w sterownikach EDC15P+ z pamiecia 24C04 \/ EDC16<\/li>\n<li>adaptacja zawieszenia pneumatycznego Audi A8 4E<\/li>\n<li>adaptacja czujnika G336 klap kolektora ssacego 2.0TFSi BPY\/AXX<\/li>\n<li>adaptacja numeru VIN w sterowniku Airbag 8.4 Audi A4 B6<\/li>\n<li>adaptacja turbospr\u0119\u017carki w silnikach CBAB CBAC 2.0TDI CR<\/li>\n<li>przyuczenie nowej pompy wtryskowej w silnikach 2.5TDi V6<\/li>\n<li>adaptacja zaworu EGR w silnikach benzynowych<\/li>\n<li>adaptacja dawki rozruchowej w silnikach TDI na pompie wtryskowej VP<\/li>\n<li>kodowanie pompy ABS w VW Passat B5 po faceliftingu<\/li>\n<li>A\/Deaktywacja wskaznik zuzycia klockow hamulcowych Audi A3 8P \/Audi TT<\/li>\n<li>Aktywacja biegu wskazowek, stopera, wskaznika biegu w 2008 audi A3 8P \/ TT<\/li>\n<li>Kodowanie ESP xx379Ax z dlugim kodowaniem *)<\/li>\n<li>kodowanie BCM2 A4\/A5\/A6\/A8\/Touareg dla obslugi tylnych lamp LED\/Bulb USA\/EU<\/li>\n<li>adaptacja zawieszenia DCC Golf VI<\/li>\n<li>adaptacja skrzyni DSG<\/li>\n<li>adaptacja dawki minimalnej w silnikach 1.6 TDI CR<\/li>\n<li>asuwanie wpisu \"Kontrola wersji oprogramowania\" w MMI 3G\/3GP<\/li>\n<li>programowanie wyj\u015b\u0107 sterownika BCM w autach PQ35<\/li>\n<li>PR-Coder<\/li>\n<li>ca\u0142kowita dezaktywacja\/aktywacja ESP MK60EC1<\/li>\n<li>dezaktywacja funkcji Start-stop w samochodach platformy PQ26\/35\/MQB\/MLB (Polo\/Fabia,Golf 6\/7, Octavia 2\/3, Leon 5F, Audi A3,TT,A4,A6,A7,A8 itd)<\/li>\n<li>programowanie zawieszenia pneumatycznego Wabco (Audi A6 4F, A8 D3)<\/li>\n<li>programowanie charakterystyki wspomagania kierownicy w autach PQ35<\/li>\n<li>programator BCM PQx5 (Golf,Polo, Ibiza etc )<\/li>\n<li>reset czujnika poziomu p\u0142ynu Adblue w silnikach EURO6 TDI<\/li>\n<li>aktywacja automatycznego sk\u0142adania lusterek w sterownikach drzwi Passat \/ Tiguan GP \/ Jetta<\/li>\n<li>ODX FRF SGO FlashFile Dumper<\/li>\n<\/ul>\n<p><\/font><\/p>\n<\/div><\/div><\/div><div id=\"pgc-95-0-1\"  class=\"panel-grid-cell\" ><div id=\"panel-95-0-1-0\" class=\"so-panel widget widget_black-studio-tinymce widget_black_studio_tinymce panel-first-child panel-last-child\" data-index=\"1\" ><div class=\"textwidget\"><p><img loading=\"lazy\" decoding=\"async\" class=\"alignnone  wp-image-721\" src=\"http:\/\/solidcar.pl\/wp-content\/uploads\/2018\/01\/diagnostyka.jpg\" alt=\"\" width=\"448\" height=\"280\" srcset=\"https:\/\/solidcar.pl\/wp-content\/uploads\/2018\/01\/diagnostyka.jpg 1440w, https:\/\/solidcar.pl\/wp-content\/uploads\/2018\/01\/diagnostyka-300x188.jpg 300w, https:\/\/solidcar.pl\/wp-content\/uploads\/2018\/01\/diagnostyka-768x480.jpg 768w, https:\/\/solidcar.pl\/wp-content\/uploads\/2018\/01\/diagnostyka-1024x640.jpg 1024w\" sizes=\"auto, (max-width: 448px) 100vw, 448px\" \/>\u00a0<\/p>\n<p><img loading=\"lazy\" decoding=\"async\" class=\"alignnone size-full wp-image-722\" src=\"http:\/\/solidcar.pl\/wp-content\/uploads\/2018\/01\/vcp.jpg\" alt=\"\" width=\"472\" height=\"262\" srcset=\"https:\/\/solidcar.pl\/wp-content\/uploads\/2018\/01\/vcp.jpg 472w, https:\/\/solidcar.pl\/wp-content\/uploads\/2018\/01\/vcp-300x167.jpg 300w\" sizes=\"auto, (max-width: 472px) 100vw, 472px\" \/><\/p>\n<\/div><\/div><\/div><\/div><\/div>","protected":false},"excerpt":{"rendered":"<p>Wykonujemy diagnostyk\u0119 komputerowa samochod\u00f3w osobowych i dostawczych. Poni\u017cej przyk\u0142adowa lista czynno\u015bci kt\u00f3re wykonujemy: kasowanie inspekcji serwisowej aktywacja Tempomatu dezaktywacja Airbagu pasa\u017cera zaciski elektrycznego hamulca postojowego awaryjna Regeneracja filtra DPF (1.4,1.9,2.0,2.5 TDI PD) awaryjna Regeneracja filtra DPF (3.0 TDI) kalibracja przepustnicy w silnikach Otto z Drive-By-Wire kodowanie wtryskiwaczy w silnikach 3.0 TDI Common Rail zmiana jednostek &hellip;<\/p>\n","protected":false},"author":1,"featured_media":0,"parent":76,"menu_order":0,"comment_status":"closed","ping_status":"open","template":"","meta":{"_acf_changed":false,"footnotes":""},"class_list":["post-95","page","type-page","status-publish","hentry"],"acf":[],"_links":{"self":[{"href":"https:\/\/solidcar.pl\/index.php?rest_route=\/wp\/v2\/pages\/95","targetHints":{"allow":["GET"]}}],"collection":[{"href":"https:\/\/solidcar.pl\/index.php?rest_route=\/wp\/v2\/pages"}],"about":[{"href":"https:\/\/solidcar.pl\/index.php?rest_route=\/wp\/v2\/types\/page"}],"author":[{"embeddable":true,"href":"https:\/\/solidcar.pl\/index.php?rest_route=\/wp\/v2\/users\/1"}],"replies":[{"embeddable":true,"href":"https:\/\/solidcar.pl\/index.php?rest_route=%2Fwp%2Fv2%2Fcomments&post=95"}],"version-history":[{"count":11,"href":"https:\/\/solidcar.pl\/index.php?rest_route=\/wp\/v2\/pages\/95\/revisions"}],"predecessor-version":[{"id":830,"href":"https:\/\/solidcar.pl\/index.php?rest_route=\/wp\/v2\/pages\/95\/revisions\/830"}],"up":[{"embeddable":true,"href":"https:\/\/solidcar.pl\/index.php?rest_route=\/wp\/v2\/pages\/76"}],"wp:attachment":[{"href":"https:\/\/solidcar.pl\/index.php?rest_route=%2Fwp%2Fv2%2Fmedia&parent=95"}],"curies":[{"name":"wp","href":"https:\/\/api.w.org\/{rel}","templated":true}]}}