{"id":99,"date":"2015-04-23T12:38:18","date_gmt":"2015-04-23T12:38:18","guid":{"rendered":"https:\/\/xml-io.proteusthemes.com\/cargopress\/?page_id=99"},"modified":"2024-05-23T12:35:54","modified_gmt":"2024-05-23T10:35:54","slug":"klimatyzacja","status":"publish","type":"page","link":"https:\/\/solidcar.pl\/?page_id=99","title":{"rendered":"Klimatyzacja"},"content":{"rendered":"<div id=\"pl-99\"  class=\"panel-layout\" ><div id=\"pg-99-0\"  class=\"panel-grid panel-no-style\" ><div id=\"pgc-99-0-0\"  class=\"panel-grid-cell\" ><div id=\"panel-99-0-0-0\" class=\"so-panel widget widget_black-studio-tinymce widget_black_studio_tinymce panel-first-child panel-last-child\" data-index=\"0\" ><div class=\"textwidget\"><h3>Podstawowe us\u0142ugi zwi\u0105zane z obs\u0142ug\u0105 klimatyzacji jakie \u015bwiadczy nasza firma:<\/h3>\n<p><font color=\"black\"><\/p>\n<ul>\n<li>nape\u0142nienie klimatyzacji czynnikiem R134a, R1234yf<\/li>\n<li>sprawdzenie szczelno\u015bci hydrogenem oraz podci\u015bnieniem (wywo\u0142anie pr\u00f3\u017cni),<\/li>\n<li>dezynfekcja uk\u0142adu \/ odgrzybianie metod\u0105 ozonowania. Dezynfekcji uk\u0142adu (odgrzybiania) klimatyzacji powinno dokonywa\u0107 si\u0119 przynajmniej raz w roku przed sezonem letnim,<\/li>\n<li>naprawa uk\u0142adu klimatyzacji. Dokonujemy naprawy i regeneracji uszkodzonych podzespo\u0142\u00f3w uk\u0142adu klimatyzacji.<\/li>\n<li>naprawa elektryki i elektroniki uk\u0142adu klimatyzacji,<\/li>\n<li>diagnostyka komputerowa klimatyzacji.<\/li>\n<\/ul>\n<p><\/font><\/p>\n<\/div><\/div><\/div><div id=\"pgc-99-0-1\"  class=\"panel-grid-cell\" ><div id=\"panel-99-0-1-0\" class=\"so-panel widget widget_black-studio-tinymce widget_black_studio_tinymce panel-first-child panel-last-child\" data-index=\"1\" ><div class=\"textwidget\"><p><img loading=\"lazy\" decoding=\"async\" class=\"alignnone  wp-image-690\" src=\"http:\/\/solidcar.pl\/wp-content\/uploads\/2018\/01\/ozon.jpg\" alt=\"\" width=\"627\" height=\"267\" srcset=\"https:\/\/solidcar.pl\/wp-content\/uploads\/2018\/01\/ozon.jpg 940w, https:\/\/solidcar.pl\/wp-content\/uploads\/2018\/01\/ozon-300x128.jpg 300w, https:\/\/solidcar.pl\/wp-content\/uploads\/2018\/01\/ozon-768x327.jpg 768w\" sizes=\"auto, (max-width: 627px) 100vw, 627px\" \/><img loading=\"lazy\" decoding=\"async\" class=\"alignnone  wp-image-732\" src=\"http:\/\/solidcar.pl\/wp-content\/uploads\/2018\/01\/LX1004A-3.jpg\" alt=\"\" width=\"627\" height=\"409\" srcset=\"https:\/\/solidcar.pl\/wp-content\/uploads\/2018\/01\/LX1004A-3.jpg 736w, https:\/\/solidcar.pl\/wp-content\/uploads\/2018\/01\/LX1004A-3-300x196.jpg 300w\" sizes=\"auto, (max-width: 627px) 100vw, 627px\" \/><\/p>\n<\/div><\/div><\/div><\/div><\/div>","protected":false},"excerpt":{"rendered":"<p>Podstawowe us\u0142ugi zwi\u0105zane z obs\u0142ug\u0105 klimatyzacji jakie \u015bwiadczy nasza firma: nape\u0142nienie klimatyzacji czynnikiem R134a, R1234yf sprawdzenie szczelno\u015bci hydrogenem oraz podci\u015bnieniem (wywo\u0142anie pr\u00f3\u017cni), dezynfekcja uk\u0142adu \/ odgrzybianie metod\u0105 ozonowania. Dezynfekcji uk\u0142adu (odgrzybiania) klimatyzacji powinno dokonywa\u0107 si\u0119 przynajmniej raz w roku przed sezonem letnim, naprawa uk\u0142adu klimatyzacji. Dokonujemy naprawy i regeneracji uszkodzonych podzespo\u0142\u00f3w uk\u0142adu klimatyzacji. naprawa elektryki &hellip;<\/p>\n","protected":false},"author":1,"featured_media":62,"parent":76,"menu_order":0,"comment_status":"closed","ping_status":"open","template":"","meta":{"_acf_changed":false,"footnotes":""},"class_list":["post-99","page","type-page","status-publish","has-post-thumbnail","hentry"],"acf":[],"_links":{"self":[{"href":"https:\/\/solidcar.pl\/index.php?rest_route=\/wp\/v2\/pages\/99","targetHints":{"allow":["GET"]}}],"collection":[{"href":"https:\/\/solidcar.pl\/index.php?rest_route=\/wp\/v2\/pages"}],"about":[{"href":"https:\/\/solidcar.pl\/index.php?rest_route=\/wp\/v2\/types\/page"}],"author":[{"embeddable":true,"href":"https:\/\/solidcar.pl\/index.php?rest_route=\/wp\/v2\/users\/1"}],"replies":[{"embeddable":true,"href":"https:\/\/solidcar.pl\/index.php?rest_route=%2Fwp%2Fv2%2Fcomments&post=99"}],"version-history":[{"count":17,"href":"https:\/\/solidcar.pl\/index.php?rest_route=\/wp\/v2\/pages\/99\/revisions"}],"predecessor-version":[{"id":949,"href":"https:\/\/solidcar.pl\/index.php?rest_route=\/wp\/v2\/pages\/99\/revisions\/949"}],"up":[{"embeddable":true,"href":"https:\/\/solidcar.pl\/index.php?rest_route=\/wp\/v2\/pages\/76"}],"wp:featuredmedia":[{"embeddable":true,"href":"https:\/\/solidcar.pl\/index.php?rest_route=\/wp\/v2\/media\/62"}],"wp:attachment":[{"href":"https:\/\/solidcar.pl\/index.php?rest_route=%2Fwp%2Fv2%2Fmedia&parent=99"}],"curies":[{"name":"wp","href":"https:\/\/api.w.org\/{rel}","templated":true}]}}